{"id":180,"date":"2019-01-11T12:00:37","date_gmt":"2019-01-11T12:00:37","guid":{"rendered":"http:\/\/madamczyk.ch.pw.edu.pl\/?page_id=180"},"modified":"2025-11-17T21:23:39","modified_gmt":"2025-11-17T21:23:39","slug":"news","status":"publish","type":"page","link":"https:\/\/madamczyk.ch.pw.edu.pl\/index.php\/news\/","title":{"rendered":"News"},"content":{"rendered":"<p>[et_pb_section fb_built=&#8221;1&#8243; _builder_version=&#8221;4.27.4&#8243; _module_preset=&#8221;default&#8221; global_colors_info=&#8221;{}&#8221;][et_pb_row column_structure=&#8221;1_2,1_2&#8243; _builder_version=&#8221;4.27.4&#8243; _module_preset=&#8221;default&#8221; global_colors_info=&#8221;{}&#8221;][et_pb_column type=&#8221;1_2&#8243; _builder_version=&#8221;4.27.4&#8243; _module_preset=&#8221;default&#8221; global_colors_info=&#8221;{}&#8221;][et_pb_text _builder_version=&#8221;4.27.4&#8243; _module_preset=&#8221;default&#8221; global_colors_info=&#8221;{}&#8221;]<\/p>\n<p>Members of the Human RNome Project consortium celebrating the 20th anniversary of the MODOMICS database by Prof. Janusz Bujnicki during the HPRC workshop at Goethe University in Frankfurt am Main, August 5, 2025. Prof. Janusz Bujnicki is in the bottom row, sixth from the left.<b> <\/b>Prof Malgorzata Adamczyk fourth from the right, in the second row.<i> <\/i>Photo courtesy of HPRC (Photo: HPRC).<\/p>\n<p>The Human RNome Project marks a new chapter in RNA research. As part of the project, researchers from Warsaw will collaborate with centers in the United States, Germany, France, Italy, Japan, and Singapore, among others.<\/p>\n<p>&nbsp;<\/p>\n<p>&nbsp;<\/p>\n<p>&nbsp;<\/p>\n<p>[\/et_pb_text][\/et_pb_column][et_pb_column type=&#8221;1_2&#8243; _builder_version=&#8221;4.27.4&#8243; _module_preset=&#8221;default&#8221; global_colors_info=&#8221;{}&#8221;][et_pb_image src=&#8221;http:\/\/madamczyk.ch.pw.edu.pl\/wp-content\/uploads\/2025\/11\/RNome-Frankfurt-2025.jpg&#8221; title_text=&#8221;RNome Frankfurt 2025&#8243; _builder_version=&#8221;4.27.4&#8243; _module_preset=&#8221;default&#8221; hover_enabled=&#8221;0&#8243; global_colors_info=&#8221;{}&#8221; sticky_enabled=&#8221;0&#8243;][\/et_pb_image][\/et_pb_column][\/et_pb_row][et_pb_row column_structure=&#8221;1_2,1_2&#8243; _builder_version=&#8221;4.27.4&#8243; _module_preset=&#8221;default&#8221; global_colors_info=&#8221;{}&#8221;][et_pb_column type=&#8221;1_2&#8243; _builder_version=&#8221;4.27.4&#8243; _module_preset=&#8221;default&#8221; global_colors_info=&#8221;{}&#8221;][et_pb_text _builder_version=&#8221;4.27.4&#8243; _module_preset=&#8221;default&#8221; global_colors_info=&#8221;{}&#8221;]<\/p>\n<h4 class=\"title-heading-left\" style=\"margin: 0;\">Direct RNA Oxford Nanopore sequencing distinguishes between modifications in tRNA at the U34 position<\/h4>\n<p>A team led by researchers at the <a href=\"https:\/\/eng.pw.edu.pl\/\" target=\"_blank\" rel=\"noopener\">Warsaw University of Technology<\/a> have developed a promising new approach to studying tRNA modifications using <a href=\"https:\/\/nanoporetech.com\/\" target=\"_blank\" rel=\"noopener\">Oxford Nanopore<\/a> Sequencing (ONS). While ONS has been widely used to study mRNA, its application to transfer RNA (tRNA), which carries amino acids during protein synthesis, has been limited due to the complexity of tRNA structures and modifications. <a href=\"https:\/\/www.rna-seqblog.com\/direct-rna-oxford-nanopore-sequencing-distinguishes-between-modifications-in-trna-at-the-u34-position\/\" target=\"_blank\" rel=\"noopener\">Link<\/a><\/p>\n<p>Kusmirek W, Strozynska N, Martin-Arroyo Cerpa P, Dziergowska A, Leszczynska G, Nowak R, <strong>Adamczyk Ma\u0142gorzata<\/strong>. (August 2025)<\/p>\n<p>&nbsp;<\/p>\n<p>[\/et_pb_text][\/et_pb_column][et_pb_column type=&#8221;1_2&#8243; _builder_version=&#8221;4.27.4&#8243; _module_preset=&#8221;default&#8221; global_colors_info=&#8221;{}&#8221;][et_pb_image src=&#8221;http:\/\/madamczyk.ch.pw.edu.pl\/wp-content\/uploads\/2025\/08\/tRNA-2025.jpg&#8221; title_text=&#8221;tRNA 2025&#8243; _builder_version=&#8221;4.27.4&#8243; _module_preset=&#8221;default&#8221; global_colors_info=&#8221;{}&#8221;][\/et_pb_image][\/et_pb_column][\/et_pb_row][et_pb_row column_structure=&#8221;1_2,1_2&#8243; _builder_version=&#8221;4.27.4&#8243; _module_preset=&#8221;default&#8221; global_colors_info=&#8221;{}&#8221;][et_pb_column type=&#8221;1_2&#8243; _builder_version=&#8221;4.27.4&#8243; _module_preset=&#8221;default&#8221; global_colors_info=&#8221;{}&#8221;][et_pb_text _builder_version=&#8221;4.27.4&#8243; _module_preset=&#8221;default&#8221; global_colors_info=&#8221;{}&#8221;]<\/p>\n<p>The lab is attending Symposium of Polish Bioinformatics Society. M.adamczyk was an invited speaker, September 2024<\/p>\n<p>[\/et_pb_text][\/et_pb_column][et_pb_column type=&#8221;1_2&#8243; _builder_version=&#8221;4.27.4&#8243; _module_preset=&#8221;default&#8221; global_colors_info=&#8221;{}&#8221;][et_pb_image src=&#8221;http:\/\/madamczyk.ch.pw.edu.pl\/wp-content\/uploads\/2025\/04\/invited-speaker-2024-MAdamczyk.png&#8221; title_text=&#8221;invited speaker 2024 MAdamczyk&#8221; _builder_version=&#8221;4.27.4&#8243; _module_preset=&#8221;default&#8221; global_colors_info=&#8221;{}&#8221;][\/et_pb_image][\/et_pb_column][\/et_pb_row][et_pb_row column_structure=&#8221;1_2,1_2&#8243; _builder_version=&#8221;4.27.4&#8243; _module_preset=&#8221;default&#8221; global_colors_info=&#8221;{}&#8221;][et_pb_column type=&#8221;1_2&#8243; _builder_version=&#8221;4.27.4&#8243; _module_preset=&#8221;default&#8221; global_colors_info=&#8221;{}&#8221;][et_pb_text _builder_version=&#8221;4.27.4&#8243; _module_preset=&#8221;default&#8221; global_colors_info=&#8221;{}&#8221;]<\/p>\n<p>The lab is attending 5Th Biocongress in Szczecin. M.Adamczyk  was an invited speaker , September 2023<\/p>\n<p>[\/et_pb_text][\/et_pb_column][et_pb_column type=&#8221;1_2&#8243; _builder_version=&#8221;4.27.4&#8243; _module_preset=&#8221;default&#8221; global_colors_info=&#8221;{}&#8221;][et_pb_image src=&#8221;http:\/\/madamczyk.ch.pw.edu.pl\/wp-content\/uploads\/2025\/07\/invited-speaker-2023-MAdamczyk.jpg&#8221; title_text=&#8221;invited speaker 2023 MAdamczyk&#8221; _builder_version=&#8221;4.27.4&#8243; _module_preset=&#8221;default&#8221; global_colors_info=&#8221;{}&#8221;][\/et_pb_image][\/et_pb_column][\/et_pb_row][et_pb_row column_structure=&#8221;1_2,1_2&#8243; _builder_version=&#8221;4.27.4&#8243; _module_preset=&#8221;default&#8221; global_colors_info=&#8221;{}&#8221;][et_pb_column type=&#8221;1_2&#8243; _builder_version=&#8221;4.27.4&#8243; _module_preset=&#8221;default&#8221; global_colors_info=&#8221;{}&#8221;][et_pb_text _builder_version=&#8221;4.27.4&#8243; _module_preset=&#8221;default&#8221; global_colors_info=&#8221;{}&#8221;]<\/p>\n<p style=\"text-align: left;\"><strong>Arbre-Mobieu Warsaw 2018 plenary meeting<\/strong><\/p>\n<p style=\"text-align: left;\">Arbre-Mobieu plenary meeting \u201cTalking molecules: the network that shape the living world\u201d in Warsaw, March 19-21, 2018 was supported by our research group members, dr in\u017c Ma\u0142gorzata Adamczyk and mgr R\u00f3\u017ca Szatkowska, as the part of the Local Organization Team. Dr in\u017c Ma\u0142gorzata Adamczyk as a member of Scientific Committee was chosen to chairing a conference session and gave brief presentation on \u201cRevealing dynamic alpha-helical polymers of KfrAR751 plasmidic protein and mapping of its DNA- binding domain via biophysical measurements.\u201d<\/p>\n<p>[\/et_pb_text][\/et_pb_column][et_pb_column type=&#8221;1_2&#8243; _builder_version=&#8221;4.27.4&#8243; _module_preset=&#8221;default&#8221; global_colors_info=&#8221;{}&#8221;][et_pb_image src=&#8221;http:\/\/madamczyk.ch.pw.edu.pl\/wp-content\/uploads\/2019\/01\/arbre2-211&#215;300.jpg&#8221; title_text=&#8221;arbre2&#8243; _builder_version=&#8221;4.27.4&#8243; _module_preset=&#8221;default&#8221; global_colors_info=&#8221;{}&#8221;][\/et_pb_image][\/et_pb_column][\/et_pb_row][et_pb_row column_structure=&#8221;1_2,1_2&#8243; _builder_version=&#8221;4.27.4&#8243; _module_preset=&#8221;default&#8221; global_colors_info=&#8221;{}&#8221;][et_pb_column type=&#8221;1_2&#8243; _builder_version=&#8221;4.27.4&#8243; _module_preset=&#8221;default&#8221; global_colors_info=&#8221;{}&#8221;][et_pb_text _builder_version=&#8221;4.27.4&#8243; _module_preset=&#8221;default&#8221; global_colors_info=&#8221;{}&#8221;]<\/p>\n<p><strong>Travel grants<\/strong><\/p>\n<p>We gratefully acknowledge the financial support from two organizations that lately awarded our PhD candidate, mgr R\u00f3\u017ca Szatkowska, with conference travel grants. Participation in 14th International School of Biophysics (23.08.-1.09.2018, Split, Croatia) is supported by Management Committee of the COST Action CA15126. The travel grant for attending the 15th International PhD Student Symposium \u201cHorizons in Molecular Biology\u201d (10-13.09.2018, G\u00f6ttingen, Germany) is granted by Horizons Organization Committee. Thank you for the support.<\/p>\n<p>[\/et_pb_text][\/et_pb_column][et_pb_column type=&#8221;1_2&#8243; _builder_version=&#8221;4.27.4&#8243; _module_preset=&#8221;default&#8221; global_colors_info=&#8221;{}&#8221;][et_pb_image src=&#8221;http:\/\/madamczyk.ch.pw.edu.pl\/wp-content\/uploads\/2019\/01\/horizons.jpg&#8221; title_text=&#8221;horizons&#8221; _builder_version=&#8221;4.27.4&#8243; _module_preset=&#8221;default&#8221; global_colors_info=&#8221;{}&#8221;][\/et_pb_image][\/et_pb_column][\/et_pb_row][et_pb_row column_structure=&#8221;1_2,1_2&#8243; _builder_version=&#8221;4.27.4&#8243; _module_preset=&#8221;default&#8221; global_colors_info=&#8221;{}&#8221;][et_pb_column type=&#8221;1_2&#8243; _builder_version=&#8221;4.27.4&#8243; _module_preset=&#8221;default&#8221; global_colors_info=&#8221;{}&#8221;][et_pb_text _builder_version=&#8221;4.27.4&#8243; _module_preset=&#8221;default&#8221; global_colors_info=&#8221;{}&#8221;]<\/p>\n<p>Our lab member, mgr R\u00f3\u017ca Szatkowska, was awarded by European Molecular Biology Organization with EMBO Short-Term Fellowship to carry out research in the laboratory of dr Christian Ludwig (Institute of Metabolism and Systems Research, University of Birmingham, United Kingdom) in November 2015. The topic of the research project was \u201cNMR spectroscopic metabolism analysis of MAF1 deletion yeast strain\u201c.<\/p>\n<p>[\/et_pb_text][\/et_pb_column][et_pb_column type=&#8221;1_2&#8243; _builder_version=&#8221;4.27.4&#8243; _module_preset=&#8221;default&#8221; global_colors_info=&#8221;{}&#8221;][et_pb_image src=&#8221;http:\/\/madamczyk.ch.pw.edu.pl\/wp-content\/uploads\/2025\/04\/embo.gif&#8221; title_text=&#8221;embo&#8221; _builder_version=&#8221;4.27.4&#8243; _module_preset=&#8221;default&#8221; global_colors_info=&#8221;{}&#8221;][\/et_pb_image][\/et_pb_column][\/et_pb_row][\/et_pb_section]<\/p>\n","protected":false},"excerpt":{"rendered":"<p>Members of the Human RNome Project consortium celebrating the 20th anniversary of the MODOMICS database by Prof. Janusz Bujnicki during the HPRC workshop at Goethe University in Frankfurt am Main, August 5, 2025. Prof. Janusz Bujnicki is in the bottom row, sixth from the left. Prof Malgorzata Adamczyk fourth from the right, in the second [&hellip;]<\/p>\n","protected":false},"author":1,"featured_media":169,"parent":0,"menu_order":0,"comment_status":"closed","ping_status":"closed","template":"","meta":{"_et_pb_use_builder":"on","_et_pb_old_content":"<!-- wp:paragraph -->\n<p>Our\nlab member, mgr R\u00f3\u017ca Szatkowska, was awarded by European Molecular\nBiology Organization with EMBO Short-Term Fellowship to carry out\nresearch in the laboratory of dr Christian Ludwig (Institute of\nMetabolism and Systems Research<em>, <\/em>University of Birmingham,\nUnited Kingdom) in November 2015. The topic of the research project\nwas \"NMR spectroscopic metabolism analysis of <em>MAF1 <\/em>deletion\nyeast strain\u201c.<\/p>\n<!-- \/wp:paragraph -->\n\n<!-- wp:image {\"id\":169} -->\n<figure class=\"wp-block-image\"><img src=\"http:\/\/madamczyk.ch.pw.edu.pl\/wp-content\/uploads\/2019\/01\/embo.jpg\" alt=\"\" class=\"wp-image-169\"\/><\/figure>\n<!-- \/wp:image -->","_et_gb_content_width":"","footnotes":""},"class_list":["post-180","page","type-page","status-publish","has-post-thumbnail","hentry"],"_links":{"self":[{"href":"https:\/\/madamczyk.ch.pw.edu.pl\/index.php\/wp-json\/wp\/v2\/pages\/180","targetHints":{"allow":["GET"]}}],"collection":[{"href":"https:\/\/madamczyk.ch.pw.edu.pl\/index.php\/wp-json\/wp\/v2\/pages"}],"about":[{"href":"https:\/\/madamczyk.ch.pw.edu.pl\/index.php\/wp-json\/wp\/v2\/types\/page"}],"author":[{"embeddable":true,"href":"https:\/\/madamczyk.ch.pw.edu.pl\/index.php\/wp-json\/wp\/v2\/users\/1"}],"replies":[{"embeddable":true,"href":"https:\/\/madamczyk.ch.pw.edu.pl\/index.php\/wp-json\/wp\/v2\/comments?post=180"}],"version-history":[{"count":28,"href":"https:\/\/madamczyk.ch.pw.edu.pl\/index.php\/wp-json\/wp\/v2\/pages\/180\/revisions"}],"predecessor-version":[{"id":833,"href":"https:\/\/madamczyk.ch.pw.edu.pl\/index.php\/wp-json\/wp\/v2\/pages\/180\/revisions\/833"}],"wp:featuredmedia":[{"embeddable":true,"href":"https:\/\/madamczyk.ch.pw.edu.pl\/index.php\/wp-json\/wp\/v2\/media\/169"}],"wp:attachment":[{"href":"https:\/\/madamczyk.ch.pw.edu.pl\/index.php\/wp-json\/wp\/v2\/media?parent=180"}],"curies":[{"name":"wp","href":"https:\/\/api.w.org\/{rel}","templated":true}]}}